{"id":674,"date":"2019-05-29T09:46:01","date_gmt":"2019-05-29T07:46:01","guid":{"rendered":"http:\/\/www.boucherie-jacquot.fr\/?page_id=674"},"modified":"2019-06-06T10:49:51","modified_gmt":"2019-06-06T08:49:51","slug":"gault-et-millau","status":"publish","type":"page","link":"http:\/\/www.boucherie-jacquot.fr\/index.php\/gault-et-millau\/","title":{"rendered":"Gault et Millau"},"content":{"rendered":"\t\t<div data-elementor-type=\"wp-post\" data-elementor-id=\"674\" class=\"elementor elementor-674\" data-elementor-settings=\"[]\">\n\t\t\t\t\t\t<div class=\"elementor-inner\">\n\t\t\t\t\t\t\t<div class=\"elementor-section-wrap\">\n\t\t\t\t\t\t\t<section class=\"elementor-section elementor-top-section elementor-element elementor-element-484578a1 elementor-section-boxed elementor-section-height-default elementor-section-height-default\" data-id=\"484578a1\" data-element_type=\"section\">\n\t\t\t\t\t\t<div class=\"elementor-container elementor-column-gap-default\">\n\t\t\t\t\t\t\t<div class=\"elementor-row\">\n\t\t\t\t\t<div class=\"elementor-column elementor-col-100 elementor-top-column elementor-element elementor-element-2361f7f7\" data-id=\"2361f7f7\" data-element_type=\"column\">\n\t\t\t<div class=\"elementor-column-wrap elementor-element-populated\">\n\t\t\t\t\t\t\t<div class=\"elementor-widget-wrap\">\n\t\t\t\t\t\t<div class=\"elementor-element elementor-element-7295c33e elementor-widget elementor-widget-text-editor\" data-id=\"7295c33e\" data-element_type=\"widget\" data-widget_type=\"text-editor.default\">\n\t\t\t\t<div class=\"elementor-widget-container\">\n\t\t\t\t\t\t\t\t<div class=\"elementor-text-editor elementor-clearfix\">\n\t\t\t\t\t<p>Ce guide gastronomique fran\u00e7ais est cr\u00e9e dans les ann\u00e9es 70 par Henri Gault et Christian Millau deux journalistes devenus critiques gastronomiques.<\/p><p>Dans leur magazine, les deux amis sont \u00e0 la recherche des meilleurs adresses par la valorisation des produits, l&rsquo;attention \u00e0 la cuisson et l&rsquo;\u00e9limination des sauces st\u00e9r\u00e9otyp\u00e9es\u00a0: un retour \u00e0 la saveur\u00a0fondamentale des aliments \u00e0 faire d\u00e9couvrir \u00e0 leurs lecteurs.<\/p><p>Notre maison a eu la chance de para\u00eetre dans le Gault et Millau\u00a0<em>l&rsquo;expert gourmand<\/em> d&rsquo;octobre\/novembre 2014.\u00a0<\/p>\t\t\t\t\t<\/div>\n\t\t\t\t\t\t<\/div>\n\t\t\t\t<\/div>\n\t\t\t\t\t\t<\/div>\n\t\t\t\t\t<\/div>\n\t\t<\/div>\n\t\t\t\t\t\t\t\t<\/div>\n\t\t\t\t\t<\/div>\n\t\t<\/section>\n\t\t\t\t<section class=\"elementor-section elementor-top-section elementor-element elementor-element-9185cdc elementor-section-boxed elementor-section-height-default elementor-section-height-default\" data-id=\"9185cdc\" data-element_type=\"section\">\n\t\t\t\t\t\t<div class=\"elementor-container elementor-column-gap-default\">\n\t\t\t\t\t\t\t<div class=\"elementor-row\">\n\t\t\t\t\t<div class=\"elementor-column elementor-col-50 elementor-top-column elementor-element elementor-element-c9fae44\" data-id=\"c9fae44\" data-element_type=\"column\">\n\t\t\t<div class=\"elementor-column-wrap elementor-element-populated\">\n\t\t\t\t\t\t\t<div class=\"elementor-widget-wrap\">\n\t\t\t\t\t\t<div class=\"elementor-element elementor-element-925f937 elementor-widget elementor-widget-image\" data-id=\"925f937\" data-element_type=\"widget\" data-widget_type=\"image.default\">\n\t\t\t\t<div class=\"elementor-widget-container\">\n\t\t\t\t\t\t\t\t<div class=\"elementor-image\">\n\t\t\t\t\t\t\t\t\t\t\t\t\t<a href=\"http:\/\/www.boucherie-jacquot.fr\/wp-content\/uploads\/2019\/06\/GM.jpg\" data-elementor-open-lightbox=\"yes\" data-elementor-lightbox-title=\"G&amp;M\">\n\t\t\t\t\t\t\t<img loading=\"lazy\" decoding=\"async\" width=\"629\" height=\"890\" src=\"http:\/\/www.boucherie-jacquot.fr\/wp-content\/uploads\/2019\/06\/GM-724x1024.jpg\" class=\"attachment-large size-large\" alt=\"\" srcset=\"http:\/\/www.boucherie-jacquot.fr\/wp-content\/uploads\/2019\/06\/GM-724x1024.jpg 724w, http:\/\/www.boucherie-jacquot.fr\/wp-content\/uploads\/2019\/06\/GM-212x300.jpg 212w, http:\/\/www.boucherie-jacquot.fr\/wp-content\/uploads\/2019\/06\/GM-768x1086.jpg 768w, http:\/\/www.boucherie-jacquot.fr\/wp-content\/uploads\/2019\/06\/GM-900x1272.jpg 900w, http:\/\/www.boucherie-jacquot.fr\/wp-content\/uploads\/2019\/06\/GM-1280x1810.jpg 1280w\" sizes=\"auto, (max-width: 629px) 100vw, 629px\" \/>\t\t\t\t\t\t\t\t<\/a>\n\t\t\t\t\t\t\t\t\t\t\t\t\t\t<\/div>\n\t\t\t\t\t\t<\/div>\n\t\t\t\t<\/div>\n\t\t\t\t\t\t<\/div>\n\t\t\t\t\t<\/div>\n\t\t<\/div>\n\t\t\t\t<div class=\"elementor-column elementor-col-50 elementor-top-column elementor-element elementor-element-b814b3c\" data-id=\"b814b3c\" data-element_type=\"column\">\n\t\t\t<div class=\"elementor-column-wrap elementor-element-populated\">\n\t\t\t\t\t\t\t<div class=\"elementor-widget-wrap\">\n\t\t\t\t\t\t<div class=\"elementor-element elementor-element-a75a547 elementor-widget elementor-widget-image\" data-id=\"a75a547\" data-element_type=\"widget\" data-widget_type=\"image.default\">\n\t\t\t\t<div class=\"elementor-widget-container\">\n\t\t\t\t\t\t\t\t<div class=\"elementor-image\">\n\t\t\t\t\t\t\t\t\t\t\t\t\t<a href=\"http:\/\/www.boucherie-jacquot.fr\/wp-content\/uploads\/2019\/06\/GM-2.jpg\" target=\"_blank\">\n\t\t\t\t\t\t\t<img loading=\"lazy\" decoding=\"async\" width=\"1280\" height=\"1810\" src=\"http:\/\/www.boucherie-jacquot.fr\/wp-content\/uploads\/2019\/06\/GM-2-1280x1810.jpg\" class=\"attachment-post-image-cover size-post-image-cover\" alt=\"\" srcset=\"http:\/\/www.boucherie-jacquot.fr\/wp-content\/uploads\/2019\/06\/GM-2-1280x1810.jpg 1280w, http:\/\/www.boucherie-jacquot.fr\/wp-content\/uploads\/2019\/06\/GM-2-212x300.jpg 212w, http:\/\/www.boucherie-jacquot.fr\/wp-content\/uploads\/2019\/06\/GM-2-768x1086.jpg 768w, http:\/\/www.boucherie-jacquot.fr\/wp-content\/uploads\/2019\/06\/GM-2-724x1024.jpg 724w, http:\/\/www.boucherie-jacquot.fr\/wp-content\/uploads\/2019\/06\/GM-2-900x1272.jpg 900w\" sizes=\"auto, (max-width: 1280px) 100vw, 1280px\" \/>\t\t\t\t\t\t\t\t<\/a>\n\t\t\t\t\t\t\t\t\t\t\t\t\t\t<\/div>\n\t\t\t\t\t\t<\/div>\n\t\t\t\t<\/div>\n\t\t\t\t\t\t<\/div>\n\t\t\t\t\t<\/div>\n\t\t<\/div>\n\t\t\t\t\t\t\t\t<\/div>\n\t\t\t\t\t<\/div>\n\t\t<\/section>\n\t\t\t\t\t\t<\/div>\n\t\t\t\t\t\t<\/div>\n\t\t\t\t\t<\/div>\n\t\t","protected":false},"excerpt":{"rendered":"<p>Ce guide gastronomique fran\u00e7ais est cr\u00e9e dans les ann\u00e9es 70 par Henri Gault et Christian Millau deux journalistes devenus critiques gastronomiques. Dans leur magazine, les deux amis sont \u00e0 la recherche des meilleurs adresses par la valorisation des produits, l&rsquo;attention \u00e0 la cuisson et l&rsquo;\u00e9limination des sauces st\u00e9r\u00e9otyp\u00e9es\u00a0: un retour \u00e0 la saveur\u00a0fondamentale des aliments [&hellip;]<\/p>\n","protected":false},"author":1,"featured_media":0,"parent":0,"menu_order":0,"comment_status":"closed","ping_status":"closed","template":"","meta":{"footnotes":""},"class_list":["post-674","page","type-page","status-publish","hentry"],"_links":{"self":[{"href":"http:\/\/www.boucherie-jacquot.fr\/index.php\/wp-json\/wp\/v2\/pages\/674","targetHints":{"allow":["GET"]}}],"collection":[{"href":"http:\/\/www.boucherie-jacquot.fr\/index.php\/wp-json\/wp\/v2\/pages"}],"about":[{"href":"http:\/\/www.boucherie-jacquot.fr\/index.php\/wp-json\/wp\/v2\/types\/page"}],"author":[{"embeddable":true,"href":"http:\/\/www.boucherie-jacquot.fr\/index.php\/wp-json\/wp\/v2\/users\/1"}],"replies":[{"embeddable":true,"href":"http:\/\/www.boucherie-jacquot.fr\/index.php\/wp-json\/wp\/v2\/comments?post=674"}],"version-history":[{"count":5,"href":"http:\/\/www.boucherie-jacquot.fr\/index.php\/wp-json\/wp\/v2\/pages\/674\/revisions"}],"predecessor-version":[{"id":735,"href":"http:\/\/www.boucherie-jacquot.fr\/index.php\/wp-json\/wp\/v2\/pages\/674\/revisions\/735"}],"wp:attachment":[{"href":"http:\/\/www.boucherie-jacquot.fr\/index.php\/wp-json\/wp\/v2\/media?parent=674"}],"curies":[{"name":"wp","href":"https:\/\/api.w.org\/{rel}","templated":true}]}}