{"id":554,"date":"2019-06-06T16:10:41","date_gmt":"2019-06-06T14:10:41","guid":{"rendered":"http:\/\/www.boucherie-jacquot.fr\/?page_id=554"},"modified":"2021-02-03T16:44:04","modified_gmt":"2021-02-03T15:44:04","slug":"plat-du-jour-2-2","status":"publish","type":"page","link":"http:\/\/www.boucherie-jacquot.fr\/index.php\/plat-du-jour-2-2\/","title":{"rendered":"special SAINT VALENTIN"},"content":{"rendered":"\t\t<div data-elementor-type=\"wp-post\" data-elementor-id=\"554\" class=\"elementor elementor-554\" data-elementor-settings=\"[]\">\n\t\t\t\t\t\t<div class=\"elementor-inner\">\n\t\t\t\t\t\t\t<div class=\"elementor-section-wrap\">\n\t\t\t\t\t\t\t<section class=\"elementor-section elementor-top-section elementor-element elementor-element-438ea9bf elementor-section-boxed elementor-section-height-default elementor-section-height-default\" data-id=\"438ea9bf\" data-element_type=\"section\">\n\t\t\t\t\t\t<div class=\"elementor-container elementor-column-gap-default\">\n\t\t\t\t\t\t\t<div class=\"elementor-row\">\n\t\t\t\t\t<div class=\"elementor-column elementor-col-100 elementor-top-column elementor-element elementor-element-4b58af27\" data-id=\"4b58af27\" data-element_type=\"column\">\n\t\t\t<div class=\"elementor-column-wrap elementor-element-populated\">\n\t\t\t\t\t\t\t<div class=\"elementor-widget-wrap\">\n\t\t\t\t\t\t<div class=\"elementor-element elementor-element-5bbf65b1 elementor-widget elementor-widget-text-editor\" data-id=\"5bbf65b1\" data-element_type=\"widget\" data-widget_type=\"text-editor.default\">\n\t\t\t\t<div class=\"elementor-widget-container\">\n\t\t\t\t\t\t\t\t<div class=\"elementor-text-editor elementor-clearfix\">\n\t\t\t\t\t<p>Nous vous proposons chaque semaine du lundi au samedi des plats du jours r\u00e9alis\u00e9s par nos soins .<\/p>\t\t\t\t\t<\/div>\n\t\t\t\t\t\t<\/div>\n\t\t\t\t<\/div>\n\t\t\t\t<div class=\"elementor-element elementor-element-3a9799a elementor-widget elementor-widget-spacer\" data-id=\"3a9799a\" data-element_type=\"widget\" data-widget_type=\"spacer.default\">\n\t\t\t\t<div class=\"elementor-widget-container\">\n\t\t\t\t\t<div class=\"elementor-spacer\">\n\t\t\t<div class=\"elementor-spacer-inner\"><\/div>\n\t\t<\/div>\n\t\t\t\t<\/div>\n\t\t\t\t<\/div>\n\t\t\t\t\t\t<\/div>\n\t\t\t\t\t<\/div>\n\t\t<\/div>\n\t\t\t\t\t\t\t\t<\/div>\n\t\t\t\t\t<\/div>\n\t\t<\/section>\n\t\t\t\t<section class=\"elementor-section elementor-top-section elementor-element elementor-element-6db4158 elementor-section-boxed elementor-section-height-default elementor-section-height-default\" data-id=\"6db4158\" data-element_type=\"section\">\n\t\t\t\t\t\t<div class=\"elementor-container elementor-column-gap-default\">\n\t\t\t\t\t\t\t<div class=\"elementor-row\">\n\t\t\t\t\t<div class=\"elementor-column elementor-col-100 elementor-top-column elementor-element elementor-element-8ba3882\" data-id=\"8ba3882\" data-element_type=\"column\">\n\t\t\t<div class=\"elementor-column-wrap elementor-element-populated\">\n\t\t\t\t\t\t\t<div class=\"elementor-widget-wrap\">\n\t\t\t\t\t\t<div class=\"elementor-element elementor-element-6668b30 elementor-widget elementor-widget-heading\" data-id=\"6668b30\" data-element_type=\"widget\" data-widget_type=\"heading.default\">\n\t\t\t\t<div class=\"elementor-widget-container\">\n\t\t\t<h2 class=\"elementor-heading-title elementor-size-large\">Passez vos commandes avant 9h30 au 03.83.48.10.31<\/h2>\t\t<\/div>\n\t\t\t\t<\/div>\n\t\t\t\t\t\t<\/div>\n\t\t\t\t\t<\/div>\n\t\t<\/div>\n\t\t\t\t\t\t\t\t<\/div>\n\t\t\t\t\t<\/div>\n\t\t<\/section>\n\t\t\t\t<section class=\"elementor-section elementor-top-section elementor-element elementor-element-f560e30 elementor-section-boxed elementor-section-height-default elementor-section-height-default\" data-id=\"f560e30\" data-element_type=\"section\">\n\t\t\t\t\t\t<div class=\"elementor-container elementor-column-gap-default\">\n\t\t\t\t\t\t\t<div class=\"elementor-row\">\n\t\t\t\t\t<div class=\"elementor-column elementor-col-100 elementor-top-column elementor-element elementor-element-bf85911\" data-id=\"bf85911\" data-element_type=\"column\">\n\t\t\t<div class=\"elementor-column-wrap elementor-element-populated\">\n\t\t\t\t\t\t\t<div class=\"elementor-widget-wrap\">\n\t\t\t\t\t\t<div class=\"elementor-element elementor-element-eddeef5 elementor-widget elementor-widget-text-editor\" data-id=\"eddeef5\" data-element_type=\"widget\" data-widget_type=\"text-editor.default\">\n\t\t\t\t<div class=\"elementor-widget-container\">\n\t\t\t\t\t\t\t\t<div class=\"elementor-text-editor elementor-clearfix\">\n\t\t\t\t\t\t\t\t\t\t<\/div>\n\t\t\t\t\t\t<\/div>\n\t\t\t\t<\/div>\n\t\t\t\t<div class=\"elementor-element elementor-element-85557c4 elementor-widget elementor-widget-text-editor\" data-id=\"85557c4\" data-element_type=\"widget\" data-widget_type=\"text-editor.default\">\n\t\t\t\t<div class=\"elementor-widget-container\">\n\t\t\t\t\t\t\t\t<div class=\"elementor-text-editor elementor-clearfix\">\n\t\t\t\t\t<h2 style=\"text-align: center;\"><strong>BOUCHERE JACQUOT 03.83.48.10.31<\/strong><\/h2>\n<h2 style=\"text-align: center;\"><strong>MENU WEEK END St VALENTIN 2021 <br><\/strong><\/h2>\n<h2 style=\"text-align: center;\"><strong>Emport\u00e9 pr\u00eat \u00e0 chauffer<\/strong><\/h2>\n<h2 style=\"text-align: center;\"><strong>-Foie gras de canard <\/strong><\/h2>\n<h2 style=\"text-align: center;\"><strong>chutney cube de figues gel\u00e9e diamant<\/strong><\/h2>\n<h2 style=\"text-align: center;\"><strong>*********<\/strong><\/h2>\n<h2 style=\"text-align: center;\"><strong>-Bouch\u00e9e aux fruits de mer<\/strong><\/h2>\n<h2 style=\"text-align: center;\"><strong>********<\/strong><\/h2>\n<h2 style=\"text-align: center;\"><strong>-Filet de b\u0153uf sauce bordelaise<\/strong><\/h2>\n<h2 style=\"text-align: center;\"><strong>mini girolles&nbsp;&nbsp;&nbsp; -l\u00e9gumes gratin du jardin<\/strong><\/h2>\n<h2 style=\"text-align: center;\"><strong>*******<\/strong><\/h2>\n<h2 style=\"text-align: center;\"><strong>-Desserts D\u2019Aphrodite + surprise<\/strong><\/h2>\n<h2 style=\"text-align: center;\"><strong>25 \u20ac ttc par personnes <\/strong><\/h2>\n<h2 style=\"text-align: center;\"><strong>Option <\/strong><\/h2>\n<h2 style=\"text-align: center;\"><strong>champagne blle 75 cl 22 \u20ac TTC<\/strong><\/h2>\n<h2 style=\"text-align: center;\"><strong>Champagne blle 37.5 cl&nbsp; 14 \u20ac TTC<\/strong><\/h2>\n<h2 style=\"text-align: center;\"><strong>&nbsp;Riesling&nbsp; Blle 75 cl &nbsp;6.90 \u20ac&nbsp; TTC<\/strong><\/h2>\n<h2 style=\"text-align: center;\"><strong>Pommerol clos Rene 2015 Blle 75 cl 39 \u20ac TTC <br><\/strong><\/h2>\n<h2 style=\"text-align: center;\"><strong>A COMMANDER RESERVEZ MAINTENANT<br><\/strong><\/h2>\n<div>&nbsp;<\/div>\n<p><b><i>&nbsp;<\/i><\/b><span style=\"color: #000000;\">&nbsp;<\/span><strong><em>&nbsp; <\/em><\/strong><\/p>\t\t\t\t\t<\/div>\n\t\t\t\t\t\t<\/div>\n\t\t\t\t<\/div>\n\t\t\t\t\t\t<\/div>\n\t\t\t\t\t<\/div>\n\t\t<\/div>\n\t\t\t\t\t\t\t\t<\/div>\n\t\t\t\t\t<\/div>\n\t\t<\/section>\n\t\t\t\t\t\t<\/div>\n\t\t\t\t\t\t<\/div>\n\t\t\t\t\t<\/div>\n\t\t","protected":false},"excerpt":{"rendered":"<p>Nous vous proposons chaque semaine du lundi au samedi des plats du jours r\u00e9alis\u00e9s par nos soins . Passez vos commandes avant 9h30 au 03.83.48.10.31 BOUCHERE JACQUOT 03.83.48.10.31 MENU WEEK END St VALENTIN 2021 Emport\u00e9 pr\u00eat \u00e0 chauffer -Foie gras de canard chutney cube de figues gel\u00e9e diamant ********* -Bouch\u00e9e aux fruits de mer ******** [&hellip;]<\/p>\n","protected":false},"author":1,"featured_media":0,"parent":0,"menu_order":0,"comment_status":"closed","ping_status":"closed","template":"","meta":{"footnotes":""},"class_list":["post-554","page","type-page","status-publish","hentry"],"_links":{"self":[{"href":"http:\/\/www.boucherie-jacquot.fr\/index.php\/wp-json\/wp\/v2\/pages\/554","targetHints":{"allow":["GET"]}}],"collection":[{"href":"http:\/\/www.boucherie-jacquot.fr\/index.php\/wp-json\/wp\/v2\/pages"}],"about":[{"href":"http:\/\/www.boucherie-jacquot.fr\/index.php\/wp-json\/wp\/v2\/types\/page"}],"author":[{"embeddable":true,"href":"http:\/\/www.boucherie-jacquot.fr\/index.php\/wp-json\/wp\/v2\/users\/1"}],"replies":[{"embeddable":true,"href":"http:\/\/www.boucherie-jacquot.fr\/index.php\/wp-json\/wp\/v2\/comments?post=554"}],"version-history":[{"count":27,"href":"http:\/\/www.boucherie-jacquot.fr\/index.php\/wp-json\/wp\/v2\/pages\/554\/revisions"}],"predecessor-version":[{"id":1254,"href":"http:\/\/www.boucherie-jacquot.fr\/index.php\/wp-json\/wp\/v2\/pages\/554\/revisions\/1254"}],"wp:attachment":[{"href":"http:\/\/www.boucherie-jacquot.fr\/index.php\/wp-json\/wp\/v2\/media?parent=554"}],"curies":[{"name":"wp","href":"https:\/\/api.w.org\/{rel}","templated":true}]}}