{"id":255,"date":"2019-05-06T15:15:54","date_gmt":"2019-05-06T13:15:54","guid":{"rendered":"https:\/\/webetu.iutnc.univ-lorraine.fr\/~muller514u\/wordpress\/?page_id=255"},"modified":"2019-05-23T14:51:12","modified_gmt":"2019-05-23T12:51:12","slug":"qualichef","status":"publish","type":"page","link":"http:\/\/www.boucherie-jacquot.fr\/index.php\/qualichef\/","title":{"rendered":"QualiChef"},"content":{"rendered":"\t\t<div data-elementor-type=\"wp-post\" data-elementor-id=\"255\" class=\"elementor elementor-255\" data-elementor-settings=\"[]\">\n\t\t\t\t\t\t<div class=\"elementor-inner\">\n\t\t\t\t\t\t\t<div class=\"elementor-section-wrap\">\n\t\t\t\t\t\t\t<section class=\"elementor-section elementor-top-section elementor-element elementor-element-82cee74 elementor-section-boxed elementor-section-height-default elementor-section-height-default\" data-id=\"82cee74\" data-element_type=\"section\">\n\t\t\t\t\t\t<div class=\"elementor-container elementor-column-gap-default\">\n\t\t\t\t\t\t\t<div class=\"elementor-row\">\n\t\t\t\t\t<div class=\"elementor-column elementor-col-100 elementor-top-column elementor-element elementor-element-aec681a\" data-id=\"aec681a\" data-element_type=\"column\">\n\t\t\t<div class=\"elementor-column-wrap elementor-element-populated\">\n\t\t\t\t\t\t\t<div class=\"elementor-widget-wrap\">\n\t\t\t\t\t\t<div class=\"elementor-element elementor-element-234d7ad elementor-widget elementor-widget-heading\" data-id=\"234d7ad\" data-element_type=\"widget\" data-widget_type=\"heading.default\">\n\t\t\t\t<div class=\"elementor-widget-container\">\n\t\t\t<h4 class=\"elementor-heading-title elementor-size-default\">Qu'est ce que c'est ?<\/h4>\t\t<\/div>\n\t\t\t\t<\/div>\n\t\t\t\t<div class=\"elementor-element elementor-element-2c93dc0 elementor-widget elementor-widget-text-editor\" data-id=\"2c93dc0\" data-element_type=\"widget\" data-widget_type=\"text-editor.default\">\n\t\t\t\t<div class=\"elementor-widget-container\">\n\t\t\t\t\t\t\t\t<div class=\"elementor-text-editor elementor-clearfix\">\n\t\t\t\t\t<p>C\u2019est un label n\u00e9 d\u2019une volont\u00e9 exprim\u00e9e par les artisans charcutiers-traiteurs souhaitant affirmer visiblement le savoir-faire ancestral de leur profession.<\/p><p>Qui d\u2019autre peut mieux s\u2019enorgueillir de cette sinc\u00e8re et v\u00e9ritable vocation \u00e0 fabriquer artisanalement sa charcuterie en y apportant son savoir-faire, sa volont\u00e9 d\u2019innover dans le seul but de toujours mieux satisfaire \u00a0vos attentes\u00a0?<\/p><p>C&rsquo;est en effet le secret du \u00ab\u00a0chef artisan charcutier\u00a0\u00bb qui fait la diff\u00e9rence par rapport aux produits standardis\u00e9s<\/p>\t\t\t\t\t<\/div>\n\t\t\t\t\t\t<\/div>\n\t\t\t\t<\/div>\n\t\t\t\t<div class=\"elementor-element elementor-element-eb5ca8e elementor-widget elementor-widget-spacer\" data-id=\"eb5ca8e\" data-element_type=\"widget\" data-widget_type=\"spacer.default\">\n\t\t\t\t<div class=\"elementor-widget-container\">\n\t\t\t\t\t<div class=\"elementor-spacer\">\n\t\t\t<div class=\"elementor-spacer-inner\"><\/div>\n\t\t<\/div>\n\t\t\t\t<\/div>\n\t\t\t\t<\/div>\n\t\t\t\t<div class=\"elementor-element elementor-element-7b9ff39 elementor-widget elementor-widget-heading\" data-id=\"7b9ff39\" data-element_type=\"widget\" data-widget_type=\"heading.default\">\n\t\t\t\t<div class=\"elementor-widget-container\">\n\t\t\t<h4 class=\"elementor-heading-title elementor-size-default\">Pourquoi ?<\/h4>\t\t<\/div>\n\t\t\t\t<\/div>\n\t\t\t\t<div class=\"elementor-element elementor-element-469664c elementor-widget elementor-widget-text-editor\" data-id=\"469664c\" data-element_type=\"widget\" data-widget_type=\"text-editor.default\">\n\t\t\t\t<div class=\"elementor-widget-container\">\n\t\t\t\t\t\t\t\t<div class=\"elementor-text-editor elementor-clearfix\">\n\t\t\t\t\t<p class=\"MsoNormal\">L\u2019artisan charcutier fabricant \u00e0 un v\u00e9ritable savoir-faire et il en est fier. Il veut maintenant le faire savoir \u00a0<\/p>\t\t\t\t\t<\/div>\n\t\t\t\t\t\t<\/div>\n\t\t\t\t<\/div>\n\t\t\t\t<div class=\"elementor-element elementor-element-747deb9 elementor-widget elementor-widget-spacer\" data-id=\"747deb9\" data-element_type=\"widget\" data-widget_type=\"spacer.default\">\n\t\t\t\t<div class=\"elementor-widget-container\">\n\t\t\t\t\t<div class=\"elementor-spacer\">\n\t\t\t<div class=\"elementor-spacer-inner\"><\/div>\n\t\t<\/div>\n\t\t\t\t<\/div>\n\t\t\t\t<\/div>\n\t\t\t\t<div class=\"elementor-element elementor-element-c6f4de4 elementor-widget elementor-widget-heading\" data-id=\"c6f4de4\" data-element_type=\"widget\" data-widget_type=\"heading.default\">\n\t\t\t\t<div class=\"elementor-widget-container\">\n\t\t\t<h4 class=\"elementor-heading-title elementor-size-default\">Et pour vous alors ?<\/h4>\t\t<\/div>\n\t\t\t\t<\/div>\n\t\t\t\t\t\t<\/div>\n\t\t\t\t\t<\/div>\n\t\t<\/div>\n\t\t\t\t\t\t\t\t<\/div>\n\t\t\t\t\t<\/div>\n\t\t<\/section>\n\t\t\t\t<section class=\"elementor-section elementor-top-section elementor-element elementor-element-2c036d6 elementor-section-boxed elementor-section-height-default elementor-section-height-default\" data-id=\"2c036d6\" data-element_type=\"section\">\n\t\t\t\t\t\t<div class=\"elementor-container elementor-column-gap-default\">\n\t\t\t\t\t\t\t<div class=\"elementor-row\">\n\t\t\t\t\t<div class=\"elementor-column elementor-col-100 elementor-top-column elementor-element elementor-element-ada73fe\" data-id=\"ada73fe\" data-element_type=\"column\">\n\t\t\t<div class=\"elementor-column-wrap elementor-element-populated\">\n\t\t\t\t\t\t\t<div class=\"elementor-widget-wrap\">\n\t\t\t\t\t\t<div class=\"elementor-element elementor-element-8d9f1c1 elementor-widget elementor-widget-text-editor\" data-id=\"8d9f1c1\" data-element_type=\"widget\" data-widget_type=\"text-editor.default\">\n\t\t\t\t<div class=\"elementor-widget-container\">\n\t\t\t\t\t\t\t\t<div class=\"elementor-text-editor elementor-clearfix\">\n\t\t\t\t\t<p class=\"MsoNormal\">En arborant ce label, nous nous sommes pleinement engag\u00e9s \u00e0 respecter une charte stricte, exigeant des crit\u00e8res de sup\u00e9riorit\u00e9 en terme de fabrication et d\u2019hygi\u00e8ne, v\u00e9ritable contrat de confiance et garantie de qualit\u00e9 \u00e0 votre \u00e9gard.<\/p>\t\t\t\t\t<\/div>\n\t\t\t\t\t\t<\/div>\n\t\t\t\t<\/div>\n\t\t\t\t\t\t<\/div>\n\t\t\t\t\t<\/div>\n\t\t<\/div>\n\t\t\t\t\t\t\t\t<\/div>\n\t\t\t\t\t<\/div>\n\t\t<\/section>\n\t\t\t\t<section class=\"elementor-section elementor-top-section elementor-element elementor-element-ea7643d elementor-section-boxed elementor-section-height-default elementor-section-height-default\" data-id=\"ea7643d\" data-element_type=\"section\">\n\t\t\t\t\t\t<div class=\"elementor-container elementor-column-gap-default\">\n\t\t\t\t\t\t\t<div class=\"elementor-row\">\n\t\t\t\t\t<div class=\"elementor-column elementor-col-100 elementor-top-column elementor-element elementor-element-3c7108a\" data-id=\"3c7108a\" data-element_type=\"column\">\n\t\t\t<div class=\"elementor-column-wrap elementor-element-populated\">\n\t\t\t\t\t\t\t<div class=\"elementor-widget-wrap\">\n\t\t\t\t\t\t<div class=\"elementor-element elementor-element-b47e1d2 elementor-widget elementor-widget-spacer\" data-id=\"b47e1d2\" data-element_type=\"widget\" data-widget_type=\"spacer.default\">\n\t\t\t\t<div class=\"elementor-widget-container\">\n\t\t\t\t\t<div class=\"elementor-spacer\">\n\t\t\t<div class=\"elementor-spacer-inner\"><\/div>\n\t\t<\/div>\n\t\t\t\t<\/div>\n\t\t\t\t<\/div>\n\t\t\t\t<div class=\"elementor-element elementor-element-f2ca1b4 elementor-widget elementor-widget-image\" data-id=\"f2ca1b4\" data-element_type=\"widget\" data-widget_type=\"image.default\">\n\t\t\t\t<div class=\"elementor-widget-container\">\n\t\t\t\t\t\t\t\t<div class=\"elementor-image\">\n\t\t\t\t\t\t\t\t\t\t\t\t\t<a href=\"https:\/\/www.charcutiers-traiteurs.com\/la-charcuterie\/le-label-qualichef\/presentation\/\">\n\t\t\t\t\t\t\t<img decoding=\"async\" src=\"https:\/\/webetu.iutnc.univ-lorraine.fr\/~muller514u\/wordpress\/wp-content\/uploads\/2019\/05\/quali-chef.jpg\" title=\"\" alt=\"\" \/>\t\t\t\t\t\t\t\t<\/a>\n\t\t\t\t\t\t\t\t\t\t\t\t\t\t<\/div>\n\t\t\t\t\t\t<\/div>\n\t\t\t\t<\/div>\n\t\t\t\t\t\t<\/div>\n\t\t\t\t\t<\/div>\n\t\t<\/div>\n\t\t\t\t\t\t\t\t<\/div>\n\t\t\t\t\t<\/div>\n\t\t<\/section>\n\t\t\t\t\t\t<\/div>\n\t\t\t\t\t\t<\/div>\n\t\t\t\t\t<\/div>\n\t\t","protected":false},"excerpt":{"rendered":"<p>Qu&rsquo;est ce que c&rsquo;est ? C\u2019est un label n\u00e9 d\u2019une volont\u00e9 exprim\u00e9e par les artisans charcutiers-traiteurs souhaitant affirmer visiblement le savoir-faire ancestral de leur profession. Qui d\u2019autre peut mieux s\u2019enorgueillir de cette sinc\u00e8re et v\u00e9ritable vocation \u00e0 fabriquer artisanalement sa charcuterie en y apportant son savoir-faire, sa volont\u00e9 d\u2019innover dans le seul but de toujours [&hellip;]<\/p>\n","protected":false},"author":1,"featured_media":0,"parent":0,"menu_order":0,"comment_status":"closed","ping_status":"closed","template":"","meta":{"footnotes":""},"class_list":["post-255","page","type-page","status-publish","hentry"],"_links":{"self":[{"href":"http:\/\/www.boucherie-jacquot.fr\/index.php\/wp-json\/wp\/v2\/pages\/255","targetHints":{"allow":["GET"]}}],"collection":[{"href":"http:\/\/www.boucherie-jacquot.fr\/index.php\/wp-json\/wp\/v2\/pages"}],"about":[{"href":"http:\/\/www.boucherie-jacquot.fr\/index.php\/wp-json\/wp\/v2\/types\/page"}],"author":[{"embeddable":true,"href":"http:\/\/www.boucherie-jacquot.fr\/index.php\/wp-json\/wp\/v2\/users\/1"}],"replies":[{"embeddable":true,"href":"http:\/\/www.boucherie-jacquot.fr\/index.php\/wp-json\/wp\/v2\/comments?post=255"}],"version-history":[{"count":2,"href":"http:\/\/www.boucherie-jacquot.fr\/index.php\/wp-json\/wp\/v2\/pages\/255\/revisions"}],"predecessor-version":[{"id":521,"href":"http:\/\/www.boucherie-jacquot.fr\/index.php\/wp-json\/wp\/v2\/pages\/255\/revisions\/521"}],"wp:attachment":[{"href":"http:\/\/www.boucherie-jacquot.fr\/index.php\/wp-json\/wp\/v2\/media?parent=255"}],"curies":[{"name":"wp","href":"https:\/\/api.w.org\/{rel}","templated":true}]}}