{"id":244,"date":"2019-05-06T15:05:08","date_gmt":"2019-05-06T13:05:08","guid":{"rendered":"https:\/\/webetu.iutnc.univ-lorraine.fr\/~muller514u\/wordpress\/?p=244"},"modified":"2021-04-08T16:27:59","modified_gmt":"2021-04-08T14:27:59","slug":"traiteur","status":"publish","type":"page","link":"http:\/\/www.boucherie-jacquot.fr\/index.php\/traiteur\/","title":{"rendered":"Traiteur"},"content":{"rendered":"\t\t<div data-elementor-type=\"wp-post\" data-elementor-id=\"244\" class=\"elementor elementor-244\" data-elementor-settings=\"[]\">\n\t\t\t\t\t\t<div class=\"elementor-inner\">\n\t\t\t\t\t\t\t<div class=\"elementor-section-wrap\">\n\t\t\t\t\t\t\t<section class=\"elementor-section elementor-top-section elementor-element elementor-element-448a6cc elementor-section-boxed elementor-section-height-default elementor-section-height-default\" data-id=\"448a6cc\" data-element_type=\"section\">\n\t\t\t\t\t\t<div class=\"elementor-container elementor-column-gap-default\">\n\t\t\t\t\t\t\t<div class=\"elementor-row\">\n\t\t\t\t\t<div class=\"elementor-column elementor-col-100 elementor-top-column elementor-element elementor-element-8008a00\" data-id=\"8008a00\" data-element_type=\"column\">\n\t\t\t<div class=\"elementor-column-wrap elementor-element-populated\">\n\t\t\t\t\t\t\t<div class=\"elementor-widget-wrap\">\n\t\t\t\t\t\t<div class=\"elementor-element elementor-element-fb61758 elementor-widget elementor-widget-heading\" data-id=\"fb61758\" data-element_type=\"widget\" data-widget_type=\"heading.default\">\n\t\t\t\t<div class=\"elementor-widget-container\">\n\t\t\t<h4 class=\"elementor-heading-title elementor-size-default\">Le traiteur en toute occasions <\/h4>\t\t<\/div>\n\t\t\t\t<\/div>\n\t\t\t\t\t\t<\/div>\n\t\t\t\t\t<\/div>\n\t\t<\/div>\n\t\t\t\t\t\t\t\t<\/div>\n\t\t\t\t\t<\/div>\n\t\t<\/section>\n\t\t\t\t<section class=\"elementor-section elementor-top-section elementor-element elementor-element-6170b1f elementor-section-boxed elementor-section-height-default elementor-section-height-default\" data-id=\"6170b1f\" data-element_type=\"section\">\n\t\t\t\t\t\t<div class=\"elementor-container elementor-column-gap-default\">\n\t\t\t\t\t\t\t<div class=\"elementor-row\">\n\t\t\t\t\t<div class=\"elementor-column elementor-col-100 elementor-top-column elementor-element elementor-element-1e9911b\" data-id=\"1e9911b\" data-element_type=\"column\">\n\t\t\t<div class=\"elementor-column-wrap elementor-element-populated\">\n\t\t\t\t\t\t\t<div class=\"elementor-widget-wrap\">\n\t\t\t\t\t\t<div class=\"elementor-element elementor-element-2250d4b elementor-widget elementor-widget-text-editor\" data-id=\"2250d4b\" data-element_type=\"widget\" data-widget_type=\"text-editor.default\">\n\t\t\t\t<div class=\"elementor-widget-container\">\n\t\t\t\t\t\t\t\t<div class=\"elementor-text-editor elementor-clearfix\">\n\t\t\t\t\t<p style=\"text-align: center;\"><span style=\"color: #000000;\">En toutes occasions,\u00a0 la maison JACQUOT vous accompagne avec sa carte traiteur afin de vous offrir un service \u00e0 emporter de qualit\u00e9.<\/span><\/p><p style=\"text-align: right;\"><span style=\"color: #000000;\">Pour tout renseignement suppl\u00e9mentaire, prenez rendez vous avec Lydie au 03.83.48.10.31<\/span><\/p><p><img loading=\"lazy\" decoding=\"async\" class=\"alignnone size-medium wp-image-512 alignright\" src=\"http:\/\/www.boucherie-jacquot.fr\/wp-content\/uploads\/2019\/05\/carte-traieur02-2019-1-210x300.png\" alt=\"\" width=\"210\" height=\"300\" srcset=\"http:\/\/www.boucherie-jacquot.fr\/wp-content\/uploads\/2019\/05\/carte-traieur02-2019-1-210x300.png 210w, http:\/\/www.boucherie-jacquot.fr\/wp-content\/uploads\/2019\/05\/carte-traieur02-2019-1-768x1099.png 768w, http:\/\/www.boucherie-jacquot.fr\/wp-content\/uploads\/2019\/05\/carte-traieur02-2019-1-715x1024.png 715w, http:\/\/www.boucherie-jacquot.fr\/wp-content\/uploads\/2019\/05\/carte-traieur02-2019-1-900x1288.png 900w, http:\/\/www.boucherie-jacquot.fr\/wp-content\/uploads\/2019\/05\/carte-traieur02-2019-1.png 1210w\" sizes=\"auto, (max-width: 210px) 100vw, 210px\" \/><\/p>\t\t\t\t\t<\/div>\n\t\t\t\t\t\t<\/div>\n\t\t\t\t<\/div>\n\t\t\t\t\t\t<\/div>\n\t\t\t\t\t<\/div>\n\t\t<\/div>\n\t\t\t\t\t\t\t\t<\/div>\n\t\t\t\t\t<\/div>\n\t\t<\/section>\n\t\t\t\t<section class=\"elementor-section elementor-top-section elementor-element elementor-element-85b3dbd elementor-section-boxed elementor-section-height-default elementor-section-height-default\" data-id=\"85b3dbd\" data-element_type=\"section\">\n\t\t\t\t\t\t<div class=\"elementor-container elementor-column-gap-default\">\n\t\t\t\t\t\t\t<div class=\"elementor-row\">\n\t\t\t\t\t<div class=\"elementor-column elementor-col-100 elementor-top-column elementor-element elementor-element-09c72b0\" data-id=\"09c72b0\" data-element_type=\"column\">\n\t\t\t<div class=\"elementor-column-wrap elementor-element-populated\">\n\t\t\t\t\t\t\t<div class=\"elementor-widget-wrap\">\n\t\t\t\t\t\t<div class=\"elementor-element elementor-element-2f3b516 elementor-widget elementor-widget-text-editor\" data-id=\"2f3b516\" data-element_type=\"widget\" data-widget_type=\"text-editor.default\">\n\t\t\t\t<div class=\"elementor-widget-container\">\n\t\t\t\t\t\t\t\t<div class=\"elementor-text-editor elementor-clearfix\">\n\t\t\t\t\t<ul><li><span style=\"text-decoration-line: underline;\">Mariage<\/span><\/li><\/ul>\t\t\t\t\t<\/div>\n\t\t\t\t\t\t<\/div>\n\t\t\t\t<\/div>\n\t\t\t\t<div class=\"elementor-element elementor-element-2aa26f4 elementor-widget elementor-widget-text-editor\" data-id=\"2aa26f4\" data-element_type=\"widget\" data-widget_type=\"text-editor.default\">\n\t\t\t\t<div class=\"elementor-widget-container\">\n\t\t\t\t\t\t\t\t<div class=\"elementor-text-editor elementor-clearfix\">\n\t\t\t\t\t<p style=\"text-align: center;\"><span style=\"color: #000000;\">La maison JACQUOT met un point d&rsquo;honneur \u00e0 vous satisfaire.<\/span><br \/><span style=\"color: #000000;\">Pour votre r\u00e9ception, tout sera pr\u00e9par\u00e9 avec soin afin de vous accompagner.<\/span><\/p><p style=\"text-align: center;\"><span style=\"color: #000000;\">Lydie et Emile, ainsi que toute l&rsquo;\u00e9quipe, restent \u00e0 votre \u00e9coute pour \u00e9laborer tous vos futurs projets.<\/span><\/p><p style=\"text-align: center;\"><span style=\"color: #000000;\"><em style=\"font-size: 17.85px;\"><strong><u>Organisateur de r\u00e9ception<\/u><\/strong><\/em><\/span><\/p><p style=\"text-align: center;\"><span style=\"color: #000000;\">De la mise en place sans oublier le service, l&rsquo;\u00e9quipe Jacquot est aux petits soins pour vous: buffet, service \u00e0 l&rsquo;assiette&#8230;.<\/span><\/p><p style=\"text-align: center;\"><span style=\"color: #000000;\">Dans une salle des f\u00eates, des lieux uniques, laissez nous vous accompagner pour le plus beau jour de votre vie.<\/span><\/p><p style=\"text-align: center;\"><span style=\"color: #000000;\">Pour vos grandes occasions comme un s\u00e9minaire, un anniversaire, une communion, un mariage,\u00a0 la maison JACQUOT vous accompagne pour que cette journ\u00e9e soit une r\u00e9ussite.<\/span><\/p><p style=\"text-align: center;\"><span style=\"color: #000000;\">Cette exp\u00e9rience sera unique et personnalis\u00e9e, pour tout renseignements suppl\u00e9mentaires, prenez rendez vous avec Lydie au 03.83.48.10.31<\/span><\/p>\t\t\t\t\t<\/div>\n\t\t\t\t\t\t<\/div>\n\t\t\t\t<\/div>\n\t\t\t\t<div class=\"elementor-element elementor-element-308204e elementor-widget elementor-widget-image\" data-id=\"308204e\" data-element_type=\"widget\" data-widget_type=\"image.default\">\n\t\t\t\t<div class=\"elementor-widget-container\">\n\t\t\t\t\t\t\t\t<div class=\"elementor-image\">\n\t\t\t\t\t\t\t\t\t\t\t\t<img loading=\"lazy\" decoding=\"async\" width=\"721\" height=\"765\" src=\"http:\/\/www.boucherie-jacquot.fr\/wp-content\/uploads\/2019\/06\/menu-mariage-e1559721887557.png\" class=\"attachment-full size-full\" alt=\"\" srcset=\"http:\/\/www.boucherie-jacquot.fr\/wp-content\/uploads\/2019\/06\/menu-mariage-e1559721887557.png 721w, http:\/\/www.boucherie-jacquot.fr\/wp-content\/uploads\/2019\/06\/menu-mariage-e1559721887557-283x300.png 283w\" sizes=\"auto, (max-width: 721px) 100vw, 721px\" \/>\t\t\t\t\t\t\t\t\t\t\t\t\t\t<\/div>\n\t\t\t\t\t\t<\/div>\n\t\t\t\t<\/div>\n\t\t\t\t<div class=\"elementor-element elementor-element-90396ae elementor-widget elementor-widget-text-editor\" data-id=\"90396ae\" data-element_type=\"widget\" data-widget_type=\"text-editor.default\">\n\t\t\t\t<div class=\"elementor-widget-container\">\n\t\t\t\t\t\t\t\t<div class=\"elementor-text-editor elementor-clearfix\">\n\t\t\t\t\t<ul><li><u>Entreprise<\/u><\/li><\/ul>\t\t\t\t\t<\/div>\n\t\t\t\t\t\t<\/div>\n\t\t\t\t<\/div>\n\t\t\t\t<div class=\"elementor-element elementor-element-134e67f elementor-widget elementor-widget-text-editor\" data-id=\"134e67f\" data-element_type=\"widget\" data-widget_type=\"text-editor.default\">\n\t\t\t\t<div class=\"elementor-widget-container\">\n\t\t\t\t\t\t\t\t<div class=\"elementor-text-editor elementor-clearfix\">\n\t\t\t\t\t<p style=\"text-align: center;\"><span style=\"color: #000000;\">Vous<em> \u00eates \u00e0 la recherche d&rsquo;un traiteur pour un repas avec vos collaborateurs ?<\/em><\/span><\/p><p style=\"text-align: center;\"><span style=\"color: #000000;\">La maison Jacquot, forte de ses 112 ans d&rsquo;exp\u00e9rience, vous apporte une solution pour vos repas professionnels.<\/span><\/p><p style=\"text-align: center;\"><span style=\"color: #000000;\">De l&rsquo;installation au service, Lydie, Emile et leurs \u00e9quipes assurent une prestation de qualit\u00e9 pour satisfaire vos papilles et celles de vos collaborateurs.<\/span><\/p><p style=\"text-align: center;\"><span style=\"color: #000000;\"><em>\u00a0<\/em><\/span><\/p><p style=\"text-align: center;\"><span style=\"color: #000000;\"><em><u>Plateaux repas\u00a0<\/u><\/em><\/span><\/p><p style=\"text-align: center;\"><span style=\"color: #000000;\">Pour manger sur place rapidement, la maison Jacquot a mit au point des plateaux reps divis\u00e9s en plusieurs compartiments. Ils se d\u00e9gustent froids et permettent de savourer des produits frais et locaux sans perdre de temps.<\/span><\/p><p style=\"text-align: center;\"><span style=\"color: #000000;\">Livraison dans un rayon de 10 km n\u2019h\u00e9sitez pas \u00e0 demander un devis au\u00a0<span style=\"font-family: inherit; font-size: 17.85px;\">03.83.48.10.31<\/span><\/span><\/p>\t\t\t\t\t<\/div>\n\t\t\t\t\t\t<\/div>\n\t\t\t\t<\/div>\n\t\t\t\t<div class=\"elementor-element elementor-element-b1a73e3 elementor-widget-divider--view-line elementor-widget elementor-widget-divider\" data-id=\"b1a73e3\" data-element_type=\"widget\" data-widget_type=\"divider.default\">\n\t\t\t\t<div class=\"elementor-widget-container\">\n\t\t\t\t\t<div class=\"elementor-divider\">\n\t\t\t<span class=\"elementor-divider-separator\">\n\t\t\t\t\t\t<\/span>\n\t\t<\/div>\n\t\t\t\t<\/div>\n\t\t\t\t<\/div>\n\t\t\t\t\t\t<\/div>\n\t\t\t\t\t<\/div>\n\t\t<\/div>\n\t\t\t\t\t\t\t\t<\/div>\n\t\t\t\t\t<\/div>\n\t\t<\/section>\n\t\t\t\t<section class=\"elementor-section elementor-top-section elementor-element elementor-element-fb126bf elementor-section-boxed elementor-section-height-default elementor-section-height-default\" data-id=\"fb126bf\" data-element_type=\"section\">\n\t\t\t\t\t\t<div class=\"elementor-container elementor-column-gap-default\">\n\t\t\t\t\t\t\t<div class=\"elementor-row\">\n\t\t\t\t\t<div class=\"elementor-column elementor-col-100 elementor-top-column elementor-element elementor-element-f0eedf7\" data-id=\"f0eedf7\" data-element_type=\"column\">\n\t\t\t<div class=\"elementor-column-wrap elementor-element-populated\">\n\t\t\t\t\t\t\t<div class=\"elementor-widget-wrap\">\n\t\t\t\t\t\t<div class=\"elementor-element elementor-element-4238be9 elementor-widget elementor-widget-heading\" data-id=\"4238be9\" data-element_type=\"widget\" data-widget_type=\"heading.default\">\n\t\t\t\t<div class=\"elementor-widget-container\">\n\t\t\t<h4 class=\"elementor-heading-title elementor-size-default\">La Licorne <\/h4>\t\t<\/div>\n\t\t\t\t<\/div>\n\t\t\t\t\t\t<\/div>\n\t\t\t\t\t<\/div>\n\t\t<\/div>\n\t\t\t\t\t\t\t\t<\/div>\n\t\t\t\t\t<\/div>\n\t\t<\/section>\n\t\t\t\t<section class=\"elementor-section elementor-top-section elementor-element elementor-element-a350a38 elementor-section-boxed elementor-section-height-default elementor-section-height-default\" data-id=\"a350a38\" data-element_type=\"section\">\n\t\t\t\t\t\t<div class=\"elementor-container elementor-column-gap-default\">\n\t\t\t\t\t\t\t<div class=\"elementor-row\">\n\t\t\t\t\t<div class=\"elementor-column elementor-col-100 elementor-top-column elementor-element elementor-element-7fc56ac\" data-id=\"7fc56ac\" data-element_type=\"column\">\n\t\t\t<div class=\"elementor-column-wrap elementor-element-populated\">\n\t\t\t\t\t\t\t<div class=\"elementor-widget-wrap\">\n\t\t\t\t\t\t<div class=\"elementor-element elementor-element-b9e38ac elementor-widget elementor-widget-text-editor\" data-id=\"b9e38ac\" data-element_type=\"widget\" data-widget_type=\"text-editor.default\">\n\t\t\t\t<div class=\"elementor-widget-container\">\n\t\t\t\t\t\t\t\t<div class=\"elementor-text-editor elementor-clearfix\">\n\t\t\t\t\t<p><span style=\"color: #000000;\">Pour vos grandes occasions nous vous accueillons dans nos salles de banquet\u00a0 dans un cadre agr\u00e9able. La Licorne peut accueillir de 10 \u00e0 120 couverts rue bonnardel \u00e0 Saint Nicolas de Port.<\/span><\/p><p><span style=\"color: #000000;\">Pour tout renseignements contactez nous au 03.83.48.10.31<\/span><\/p>\t\t\t\t\t<\/div>\n\t\t\t\t\t\t<\/div>\n\t\t\t\t<\/div>\n\t\t\t\t<div class=\"elementor-element elementor-element-0dfe279 elementor-widget-divider--view-line elementor-widget elementor-widget-divider\" data-id=\"0dfe279\" data-element_type=\"widget\" data-widget_type=\"divider.default\">\n\t\t\t\t<div class=\"elementor-widget-container\">\n\t\t\t\t\t<div class=\"elementor-divider\">\n\t\t\t<span class=\"elementor-divider-separator\">\n\t\t\t\t\t\t<\/span>\n\t\t<\/div>\n\t\t\t\t<\/div>\n\t\t\t\t<\/div>\n\t\t\t\t\t\t<\/div>\n\t\t\t\t\t<\/div>\n\t\t<\/div>\n\t\t\t\t\t\t\t\t<\/div>\n\t\t\t\t\t<\/div>\n\t\t<\/section>\n\t\t\t\t\t\t<\/div>\n\t\t\t\t\t\t<\/div>\n\t\t\t\t\t<\/div>\n\t\t","protected":false},"excerpt":{"rendered":"<p>Le traiteur en toute occasions En toutes occasions,\u00a0 la maison JACQUOT vous accompagne avec sa carte traiteur afin de vous offrir un service \u00e0 emporter de qualit\u00e9. Pour tout renseignement suppl\u00e9mentaire, prenez rendez vous avec Lydie au 03.83.48.10.31 Mariage La maison JACQUOT met un point d&rsquo;honneur \u00e0 vous satisfaire.Pour votre r\u00e9ception, tout sera pr\u00e9par\u00e9 avec [&hellip;]<\/p>\n","protected":false},"author":1,"featured_media":0,"parent":0,"menu_order":0,"comment_status":"closed","ping_status":"closed","template":"","meta":{"footnotes":""},"class_list":["post-244","page","type-page","status-publish","hentry"],"_links":{"self":[{"href":"http:\/\/www.boucherie-jacquot.fr\/index.php\/wp-json\/wp\/v2\/pages\/244","targetHints":{"allow":["GET"]}}],"collection":[{"href":"http:\/\/www.boucherie-jacquot.fr\/index.php\/wp-json\/wp\/v2\/pages"}],"about":[{"href":"http:\/\/www.boucherie-jacquot.fr\/index.php\/wp-json\/wp\/v2\/types\/page"}],"author":[{"embeddable":true,"href":"http:\/\/www.boucherie-jacquot.fr\/index.php\/wp-json\/wp\/v2\/users\/1"}],"replies":[{"embeddable":true,"href":"http:\/\/www.boucherie-jacquot.fr\/index.php\/wp-json\/wp\/v2\/comments?post=244"}],"version-history":[{"count":43,"href":"http:\/\/www.boucherie-jacquot.fr\/index.php\/wp-json\/wp\/v2\/pages\/244\/revisions"}],"predecessor-version":[{"id":1319,"href":"http:\/\/www.boucherie-jacquot.fr\/index.php\/wp-json\/wp\/v2\/pages\/244\/revisions\/1319"}],"wp:attachment":[{"href":"http:\/\/www.boucherie-jacquot.fr\/index.php\/wp-json\/wp\/v2\/media?parent=244"}],"curies":[{"name":"wp","href":"https:\/\/api.w.org\/{rel}","templated":true}]}}