{"id":223,"date":"2019-05-06T11:52:13","date_gmt":"2019-05-06T09:52:13","guid":{"rendered":"https:\/\/webetu.iutnc.univ-lorraine.fr\/~muller514u\/wordpress\/?p=223"},"modified":"2019-06-15T23:01:44","modified_gmt":"2019-06-15T21:01:44","slug":"sommaire","status":"publish","type":"page","link":"http:\/\/www.boucherie-jacquot.fr\/index.php\/sommaire\/","title":{"rendered":"Boucherie"},"content":{"rendered":"\t\t<div data-elementor-type=\"wp-post\" data-elementor-id=\"223\" class=\"elementor elementor-223\" data-elementor-settings=\"[]\">\n\t\t\t\t\t\t<div class=\"elementor-inner\">\n\t\t\t\t\t\t\t<div class=\"elementor-section-wrap\">\n\t\t\t\t\t\t\t<section class=\"elementor-section elementor-top-section elementor-element elementor-element-271a3ba elementor-section-boxed elementor-section-height-default elementor-section-height-default\" data-id=\"271a3ba\" data-element_type=\"section\">\n\t\t\t\t\t\t<div class=\"elementor-container elementor-column-gap-default\">\n\t\t\t\t\t\t\t<div class=\"elementor-row\">\n\t\t\t\t\t<div class=\"elementor-column elementor-col-33 elementor-top-column elementor-element elementor-element-25fa61f\" data-id=\"25fa61f\" data-element_type=\"column\">\n\t\t\t<div class=\"elementor-column-wrap elementor-element-populated\">\n\t\t\t\t\t\t\t<div class=\"elementor-widget-wrap\">\n\t\t\t\t\t\t<div class=\"elementor-element elementor-element-01dc42b elementor-widget elementor-widget-spacer\" data-id=\"01dc42b\" data-element_type=\"widget\" data-widget_type=\"spacer.default\">\n\t\t\t\t<div class=\"elementor-widget-container\">\n\t\t\t\t\t<div class=\"elementor-spacer\">\n\t\t\t<div class=\"elementor-spacer-inner\"><\/div>\n\t\t<\/div>\n\t\t\t\t<\/div>\n\t\t\t\t<\/div>\n\t\t\t\t<div class=\"elementor-element elementor-element-1a26dd8 elementor-widget elementor-widget-image\" data-id=\"1a26dd8\" data-element_type=\"widget\" data-widget_type=\"image.default\">\n\t\t\t\t<div class=\"elementor-widget-container\">\n\t\t\t\t\t\t\t\t<div class=\"elementor-image\">\n\t\t\t\t\t\t\t\t\t\t\t\t<img loading=\"lazy\" decoding=\"async\" width=\"303\" height=\"243\" src=\"http:\/\/www.boucherie-jacquot.fr\/wp-content\/uploads\/2019\/06\/maitre-boucher.png\" class=\"attachment-large size-large\" alt=\"\" srcset=\"http:\/\/www.boucherie-jacquot.fr\/wp-content\/uploads\/2019\/06\/maitre-boucher.png 303w, http:\/\/www.boucherie-jacquot.fr\/wp-content\/uploads\/2019\/06\/maitre-boucher-300x241.png 300w\" sizes=\"auto, (max-width: 303px) 100vw, 303px\" \/>\t\t\t\t\t\t\t\t\t\t\t\t\t\t<\/div>\n\t\t\t\t\t\t<\/div>\n\t\t\t\t<\/div>\n\t\t\t\t\t\t<\/div>\n\t\t\t\t\t<\/div>\n\t\t<\/div>\n\t\t\t\t<div class=\"elementor-column elementor-col-33 elementor-top-column elementor-element elementor-element-c5ed684\" data-id=\"c5ed684\" data-element_type=\"column\">\n\t\t\t<div class=\"elementor-column-wrap elementor-element-populated\">\n\t\t\t\t\t\t\t<div class=\"elementor-widget-wrap\">\n\t\t\t\t\t\t<div class=\"elementor-element elementor-element-f0eda45 elementor-widget elementor-widget-text-editor\" data-id=\"f0eda45\" data-element_type=\"widget\" data-widget_type=\"text-editor.default\">\n\t\t\t\t<div class=\"elementor-widget-container\">\n\t\t\t\t\t\t\t\t<div class=\"elementor-text-editor elementor-clearfix\">\n\t\t\t\t\t<h2>Ma\u00eetre artisan boucher<\/h2>\t\t\t\t\t<\/div>\n\t\t\t\t\t\t<\/div>\n\t\t\t\t<\/div>\n\t\t\t\t\t\t<\/div>\n\t\t\t\t\t<\/div>\n\t\t<\/div>\n\t\t\t\t<div class=\"elementor-column elementor-col-33 elementor-top-column elementor-element elementor-element-222a702\" data-id=\"222a702\" data-element_type=\"column\">\n\t\t\t<div class=\"elementor-column-wrap elementor-element-populated\">\n\t\t\t\t\t\t\t<div class=\"elementor-widget-wrap\">\n\t\t\t\t\t\t<div class=\"elementor-element elementor-element-52d26d0 elementor-widget elementor-widget-spacer\" data-id=\"52d26d0\" data-element_type=\"widget\" data-widget_type=\"spacer.default\">\n\t\t\t\t<div class=\"elementor-widget-container\">\n\t\t\t\t\t<div class=\"elementor-spacer\">\n\t\t\t<div class=\"elementor-spacer-inner\"><\/div>\n\t\t<\/div>\n\t\t\t\t<\/div>\n\t\t\t\t<\/div>\n\t\t\t\t\t\t<\/div>\n\t\t\t\t\t<\/div>\n\t\t<\/div>\n\t\t\t\t\t\t\t\t<\/div>\n\t\t\t\t\t<\/div>\n\t\t<\/section>\n\t\t\t\t<section class=\"elementor-section elementor-top-section elementor-element elementor-element-5f393d6 elementor-section-boxed elementor-section-height-default elementor-section-height-default\" data-id=\"5f393d6\" data-element_type=\"section\">\n\t\t\t\t\t\t<div class=\"elementor-container elementor-column-gap-default\">\n\t\t\t\t\t\t\t<div class=\"elementor-row\">\n\t\t\t\t\t<div class=\"elementor-column elementor-col-100 elementor-top-column elementor-element elementor-element-a2262c0\" data-id=\"a2262c0\" data-element_type=\"column\">\n\t\t\t<div class=\"elementor-column-wrap elementor-element-populated\">\n\t\t\t\t\t\t\t<div class=\"elementor-widget-wrap\">\n\t\t\t\t\t\t<div class=\"elementor-element elementor-element-6a69275 elementor-widget elementor-widget-spacer\" data-id=\"6a69275\" data-element_type=\"widget\" data-widget_type=\"spacer.default\">\n\t\t\t\t<div class=\"elementor-widget-container\">\n\t\t\t\t\t<div class=\"elementor-spacer\">\n\t\t\t<div class=\"elementor-spacer-inner\"><\/div>\n\t\t<\/div>\n\t\t\t\t<\/div>\n\t\t\t\t<\/div>\n\t\t\t\t<div class=\"elementor-element elementor-element-1777143 elementor-widget elementor-widget-text-editor\" data-id=\"1777143\" data-element_type=\"widget\" data-widget_type=\"text-editor.default\">\n\t\t\t\t<div class=\"elementor-widget-container\">\n\t\t\t\t\t\t\t\t<div class=\"elementor-text-editor elementor-clearfix\">\n\t\t\t\t\t<p style=\"font-size: 17.85px; line-height: 30.345px; font-family: Roboto, sans-serif;\">L\u2019artisan boucher informe sur l\u2019origine de ses viandes gr\u00e2ce \u00e0 un syst\u00e8me de tra\u00e7abilit\u00e9 mis en place depuis l\u2019\u00e9levage jusqu\u2019\u00e0 son \u00e9talage<\/p><p style=\"font-size: 17.85px; line-height: 30.345px; font-family: Roboto, sans-serif;\">Une viande s\u00e9lectionn\u00e9e, d\u00e9soss\u00e9e et d\u00e9coup\u00e9e par nos soins<\/p><p style=\"font-size: 17.85px; line-height: 30.345px; font-family: Roboto, sans-serif;\">L\u2019artisan boucher commercialise des races de viandes \u00e9lev\u00e9es traditionnellement et reconnues pour leurs qualit\u00e9s bouch\u00e8res.\u00a0<\/p><p style=\"margin-bottom: 1.5em; font-size: 17.85px; line-height: 30.345px; font-family: Roboto, sans-serif;\">Nous intervenons personnellement dans le choix et l\u2019achat de ces viandes.\u00a0<i><span style=\"font-weight: bold;\">C\u2019est une \u00e9tape primordiale qui garantira la qualit\u00e9 de vos assiettes<\/span><\/i><\/p><p style=\"margin-bottom: 1.5em; font-size: 17.85px; line-height: 30.345px; font-family: Roboto, sans-serif;\">Toute l&rsquo;\u00e9quipe met \u00e0 votre disposition un vaste de choix de viandes fra\u00eeches, s\u00e9lectionn\u00e9es sur pied aupr\u00e8s de <i><b>producteurs locaux<\/b><\/i> pour la plupart afin de garantir une qualit\u00e9 et une fra\u00eecheur optimale.<\/p>\t\t\t\t\t<\/div>\n\t\t\t\t\t\t<\/div>\n\t\t\t\t<\/div>\n\t\t\t\t\t\t<\/div>\n\t\t\t\t\t<\/div>\n\t\t<\/div>\n\t\t\t\t\t\t\t\t<\/div>\n\t\t\t\t\t<\/div>\n\t\t<\/section>\n\t\t\t\t<section class=\"elementor-section elementor-top-section elementor-element elementor-element-b8b65fc elementor-section-boxed elementor-section-height-default elementor-section-height-default\" data-id=\"b8b65fc\" data-element_type=\"section\">\n\t\t\t\t\t\t<div class=\"elementor-container elementor-column-gap-default\">\n\t\t\t\t\t\t\t<div class=\"elementor-row\">\n\t\t\t\t\t<div class=\"elementor-column elementor-col-100 elementor-top-column elementor-element elementor-element-9abc54e\" data-id=\"9abc54e\" data-element_type=\"column\">\n\t\t\t<div class=\"elementor-column-wrap elementor-element-populated\">\n\t\t\t\t\t\t\t<div class=\"elementor-widget-wrap\">\n\t\t\t\t\t\t<div class=\"elementor-element elementor-element-aab0291 elementor-widget elementor-widget-text-editor\" data-id=\"aab0291\" data-element_type=\"widget\" data-widget_type=\"text-editor.default\">\n\t\t\t\t<div class=\"elementor-widget-container\">\n\t\t\t\t\t\t\t\t<div class=\"elementor-text-editor elementor-clearfix\">\n\t\t\t\t\t<h4>Origine des viandes :<\/h4>\t\t\t\t\t<\/div>\n\t\t\t\t\t\t<\/div>\n\t\t\t\t<\/div>\n\t\t\t\t\t\t<\/div>\n\t\t\t\t\t<\/div>\n\t\t<\/div>\n\t\t\t\t\t\t\t\t<\/div>\n\t\t\t\t\t<\/div>\n\t\t<\/section>\n\t\t\t\t<section class=\"elementor-section elementor-top-section elementor-element elementor-element-ffc8477 elementor-section-boxed elementor-section-height-default elementor-section-height-default\" data-id=\"ffc8477\" data-element_type=\"section\">\n\t\t\t\t\t\t<div class=\"elementor-container elementor-column-gap-default\">\n\t\t\t\t\t\t\t<div class=\"elementor-row\">\n\t\t\t\t\t<div class=\"elementor-column elementor-col-100 elementor-top-column elementor-element elementor-element-05020bd\" data-id=\"05020bd\" data-element_type=\"column\">\n\t\t\t<div class=\"elementor-column-wrap elementor-element-populated\">\n\t\t\t\t\t\t\t<div class=\"elementor-widget-wrap\">\n\t\t\t\t\t\t<div class=\"elementor-element elementor-element-0f4e9fe elementor-widget elementor-widget-text-editor\" data-id=\"0f4e9fe\" data-element_type=\"widget\" data-widget_type=\"text-editor.default\">\n\t\t\t\t<div class=\"elementor-widget-container\">\n\t\t\t\t\t\t\t\t<div class=\"elementor-text-editor elementor-clearfix\">\n\t\t\t\t\t<p>Nous avons la chance de travailler avec des \u00e9leveurs de proximit\u00e9, en grandes parties situ\u00e9s dans un rayon de 20km par rapport au magasin.<\/p><ul><li>G\u00e9nisse de Lorraine<\/li><li>Veau breton\u00a0\u00a0<\/li><li>Porc Lorrain<\/li><li>Agneau Lorrain label rouge\u00a0<\/li><li>Gibier de notre r\u00e9gion en saison<\/li><li>Volaille de chez MarieHot dans les Landes et de la maison L\u00e9onard dans les Vosges.<\/li><\/ul><p><span style=\"font-family: inherit; font-size: 17.85px;\">\u00a0<\/span><br \/><span style=\"font-family: inherit; font-size: 17.85px;\"><i>Nous vous proposons la mise sous vide de vos achats afin de garantir une conversation optimale dans le temps.<\/i><\/span><\/p>\t\t\t\t\t<\/div>\n\t\t\t\t\t\t<\/div>\n\t\t\t\t<\/div>\n\t\t\t\t\t\t<\/div>\n\t\t\t\t\t<\/div>\n\t\t<\/div>\n\t\t\t\t\t\t\t\t<\/div>\n\t\t\t\t\t<\/div>\n\t\t<\/section>\n\t\t\t\t<section class=\"elementor-section elementor-top-section elementor-element elementor-element-ae1a432 elementor-section-boxed elementor-section-height-default elementor-section-height-default\" data-id=\"ae1a432\" data-element_type=\"section\">\n\t\t\t\t\t\t<div class=\"elementor-container elementor-column-gap-default\">\n\t\t\t\t\t\t\t<div class=\"elementor-row\">\n\t\t\t\t\t<div class=\"elementor-column elementor-col-100 elementor-top-column elementor-element elementor-element-62e5bde\" data-id=\"62e5bde\" data-element_type=\"column\">\n\t\t\t<div class=\"elementor-column-wrap elementor-element-populated\">\n\t\t\t\t\t\t\t<div class=\"elementor-widget-wrap\">\n\t\t\t\t\t\t<div class=\"elementor-element elementor-element-0695d27 elementor-widget elementor-widget-text-editor\" data-id=\"0695d27\" data-element_type=\"widget\" data-widget_type=\"text-editor.default\">\n\t\t\t\t<div class=\"elementor-widget-container\">\n\t\t\t\t\t\t\t\t<div class=\"elementor-text-editor elementor-clearfix\">\n\t\t\t\t\t<h4>Maturation des viandes :<\/h4>\t\t\t\t\t<\/div>\n\t\t\t\t\t\t<\/div>\n\t\t\t\t<\/div>\n\t\t\t\t\t\t<\/div>\n\t\t\t\t\t<\/div>\n\t\t<\/div>\n\t\t\t\t\t\t\t\t<\/div>\n\t\t\t\t\t<\/div>\n\t\t<\/section>\n\t\t\t\t<section class=\"elementor-section elementor-top-section elementor-element elementor-element-c2bbe25 elementor-section-boxed elementor-section-height-default elementor-section-height-default\" data-id=\"c2bbe25\" data-element_type=\"section\">\n\t\t\t\t\t\t<div class=\"elementor-container elementor-column-gap-default\">\n\t\t\t\t\t\t\t<div class=\"elementor-row\">\n\t\t\t\t\t<div class=\"elementor-column elementor-col-100 elementor-top-column elementor-element elementor-element-03419e5\" data-id=\"03419e5\" data-element_type=\"column\">\n\t\t\t<div class=\"elementor-column-wrap elementor-element-populated\">\n\t\t\t\t\t\t\t<div class=\"elementor-widget-wrap\">\n\t\t\t\t\t\t<div class=\"elementor-element elementor-element-8f963c9 elementor-widget elementor-widget-text-editor\" data-id=\"8f963c9\" data-element_type=\"widget\" data-widget_type=\"text-editor.default\">\n\t\t\t\t<div class=\"elementor-widget-container\">\n\t\t\t\t\t\t\t\t<div class=\"elementor-text-editor elementor-clearfix\">\n\t\t\t\t\t<p>La maturation est une \u00e9tape d\u00e9cisive dans l&rsquo;obtention d&rsquo;une viande de qualit\u00e9. <strong>Le r\u00f4le de la maturation<\/strong> est directement li\u00e9 \u00e0 la tendret\u00e9\u00a0 et au gout final de la viande. Apr\u00e8s l&rsquo;abattage, il est n\u00e9cessaire d&rsquo;assurer la transformation des muscles en viande : c&rsquo;est le travail de maturation, un passage oblig\u00e9 pour la viande car elle assure la <strong>tendret\u00e9<\/strong> et le <strong>gout<\/strong> du b\u0153uf. Lors de la <strong>maturation<\/strong> le glycog\u00e8ne, naturellement pr\u00e9sent dans le muscle, se transforme en acide lactique abaissant le pH de la viande et activant les enzymes n\u00e9cessaires \u00e0 la fragmentation des prot\u00e9ines.<\/p>\t\t\t\t\t<\/div>\n\t\t\t\t\t\t<\/div>\n\t\t\t\t<\/div>\n\t\t\t\t\t\t<\/div>\n\t\t\t\t\t<\/div>\n\t\t<\/div>\n\t\t\t\t\t\t\t\t<\/div>\n\t\t\t\t\t<\/div>\n\t\t<\/section>\n\t\t\t\t<section class=\"elementor-section elementor-top-section elementor-element elementor-element-a965fad elementor-section-boxed elementor-section-height-default elementor-section-height-default\" data-id=\"a965fad\" data-element_type=\"section\">\n\t\t\t\t\t\t<div class=\"elementor-container elementor-column-gap-default\">\n\t\t\t\t\t\t\t<div class=\"elementor-row\">\n\t\t\t\t\t<div class=\"elementor-column elementor-col-100 elementor-top-column elementor-element elementor-element-4f93038\" data-id=\"4f93038\" data-element_type=\"column\">\n\t\t\t<div class=\"elementor-column-wrap elementor-element-populated\">\n\t\t\t\t\t\t\t<div class=\"elementor-widget-wrap\">\n\t\t\t\t\t\t<div class=\"elementor-element elementor-element-8d8936d elementor-widget elementor-widget-text-editor\" data-id=\"8d8936d\" data-element_type=\"widget\" data-widget_type=\"text-editor.default\">\n\t\t\t\t<div class=\"elementor-widget-container\">\n\t\t\t\t\t\t\t\t<div class=\"elementor-text-editor elementor-clearfix\">\n\t\t\t\t\t<p>Les secrets de la viande matur\u00e9e :\u00a0<\/p>\t\t\t\t\t<\/div>\n\t\t\t\t\t\t<\/div>\n\t\t\t\t<\/div>\n\t\t\t\t\t\t<\/div>\n\t\t\t\t\t<\/div>\n\t\t<\/div>\n\t\t\t\t\t\t\t\t<\/div>\n\t\t\t\t\t<\/div>\n\t\t<\/section>\n\t\t\t\t<section class=\"elementor-section elementor-top-section elementor-element elementor-element-a3fccfd elementor-section-boxed elementor-section-height-default elementor-section-height-default\" data-id=\"a3fccfd\" data-element_type=\"section\">\n\t\t\t\t\t\t<div class=\"elementor-container elementor-column-gap-default\">\n\t\t\t\t\t\t\t<div class=\"elementor-row\">\n\t\t\t\t\t<div class=\"elementor-column elementor-col-100 elementor-top-column elementor-element elementor-element-5934aa7\" data-id=\"5934aa7\" data-element_type=\"column\">\n\t\t\t<div class=\"elementor-column-wrap elementor-element-populated\">\n\t\t\t\t\t\t\t<div class=\"elementor-widget-wrap\">\n\t\t\t\t\t\t<div class=\"elementor-element elementor-element-95bdb0d elementor-widget elementor-widget-text-editor\" data-id=\"95bdb0d\" data-element_type=\"widget\" data-widget_type=\"text-editor.default\">\n\t\t\t\t<div class=\"elementor-widget-container\">\n\t\t\t\t\t\t\t\t<div class=\"elementor-text-editor elementor-clearfix\">\n\t\t\t\t\t<p>Les enzymes appel\u00e9es prot\u00e9ases, qui divisent la structure des prot\u00e9ines, vont attendrir la viande. <strong>La temp\u00e9rature de maturation<\/strong>, comprise entre 1 et 2\u00b0C, doit \u00eatre le plus stable possible pour \u00e9viter de perturber le travail des enzymes. <strong>La dur\u00e9e de maturation de la viande<\/strong> est de 21 jours complets au minimum et le plus souvent 30 jours. D&rsquo;autres enzymes, mes lipases, transforment les lipides des muscles : elles font na\u00eetre le <strong>parfum<\/strong> mais aussi <strong>le gout de la viande matur\u00e9e\u00a0<\/strong><\/p>\t\t\t\t\t<\/div>\n\t\t\t\t\t\t<\/div>\n\t\t\t\t<\/div>\n\t\t\t\t\t\t<\/div>\n\t\t\t\t\t<\/div>\n\t\t<\/div>\n\t\t\t\t\t\t\t\t<\/div>\n\t\t\t\t\t<\/div>\n\t\t<\/section>\n\t\t\t\t<section class=\"elementor-section elementor-top-section elementor-element elementor-element-680ced6 elementor-section-boxed elementor-section-height-default elementor-section-height-default\" data-id=\"680ced6\" data-element_type=\"section\">\n\t\t\t\t\t\t<div class=\"elementor-container elementor-column-gap-default\">\n\t\t\t\t\t\t\t<div class=\"elementor-row\">\n\t\t\t\t\t<div class=\"elementor-column elementor-col-100 elementor-top-column elementor-element elementor-element-97e2301\" data-id=\"97e2301\" data-element_type=\"column\">\n\t\t\t<div class=\"elementor-column-wrap elementor-element-populated\">\n\t\t\t\t\t\t\t<div class=\"elementor-widget-wrap\">\n\t\t\t\t\t\t<div class=\"elementor-element elementor-element-f969ae0 elementor-widget elementor-widget-image\" data-id=\"f969ae0\" data-element_type=\"widget\" data-widget_type=\"image.default\">\n\t\t\t\t<div class=\"elementor-widget-container\">\n\t\t\t\t\t\t\t\t<div class=\"elementor-image\">\n\t\t\t\t\t\t\t\t\t\t\t\t<img loading=\"lazy\" decoding=\"async\" width=\"629\" height=\"329\" src=\"http:\/\/www.boucherie-jacquot.fr\/wp-content\/uploads\/2019\/05\/viande-maturee_705392c2f97d66287431ebb5e156e87f5bc4088d-1024x535.jpg\" class=\"attachment-large size-large\" alt=\"\" srcset=\"http:\/\/www.boucherie-jacquot.fr\/wp-content\/uploads\/2019\/05\/viande-maturee_705392c2f97d66287431ebb5e156e87f5bc4088d-1024x535.jpg 1024w, http:\/\/www.boucherie-jacquot.fr\/wp-content\/uploads\/2019\/05\/viande-maturee_705392c2f97d66287431ebb5e156e87f5bc4088d-300x157.jpg 300w, http:\/\/www.boucherie-jacquot.fr\/wp-content\/uploads\/2019\/05\/viande-maturee_705392c2f97d66287431ebb5e156e87f5bc4088d-768x401.jpg 768w, http:\/\/www.boucherie-jacquot.fr\/wp-content\/uploads\/2019\/05\/viande-maturee_705392c2f97d66287431ebb5e156e87f5bc4088d-900x470.jpg 900w, http:\/\/www.boucherie-jacquot.fr\/wp-content\/uploads\/2019\/05\/viande-maturee_705392c2f97d66287431ebb5e156e87f5bc4088d.jpg 1200w\" sizes=\"auto, (max-width: 629px) 100vw, 629px\" \/>\t\t\t\t\t\t\t\t\t\t\t\t\t\t<\/div>\n\t\t\t\t\t\t<\/div>\n\t\t\t\t<\/div>\n\t\t\t\t\t\t<\/div>\n\t\t\t\t\t<\/div>\n\t\t<\/div>\n\t\t\t\t\t\t\t\t<\/div>\n\t\t\t\t\t<\/div>\n\t\t<\/section>\n\t\t\t\t\t\t<\/div>\n\t\t\t\t\t\t<\/div>\n\t\t\t\t\t<\/div>\n\t\t","protected":false},"excerpt":{"rendered":"<p>Ma\u00eetre artisan boucher L\u2019artisan boucher informe sur l\u2019origine de ses viandes gr\u00e2ce \u00e0 un syst\u00e8me de tra\u00e7abilit\u00e9 mis en place depuis l\u2019\u00e9levage jusqu\u2019\u00e0 son \u00e9talage Une viande s\u00e9lectionn\u00e9e, d\u00e9soss\u00e9e et d\u00e9coup\u00e9e par nos soins L\u2019artisan boucher commercialise des races de viandes \u00e9lev\u00e9es traditionnellement et reconnues pour leurs qualit\u00e9s bouch\u00e8res.\u00a0 Nous intervenons personnellement dans le choix [&hellip;]<\/p>\n","protected":false},"author":1,"featured_media":0,"parent":0,"menu_order":0,"comment_status":"closed","ping_status":"closed","template":"","meta":{"footnotes":""},"class_list":["post-223","page","type-page","status-publish","hentry"],"_links":{"self":[{"href":"http:\/\/www.boucherie-jacquot.fr\/index.php\/wp-json\/wp\/v2\/pages\/223","targetHints":{"allow":["GET"]}}],"collection":[{"href":"http:\/\/www.boucherie-jacquot.fr\/index.php\/wp-json\/wp\/v2\/pages"}],"about":[{"href":"http:\/\/www.boucherie-jacquot.fr\/index.php\/wp-json\/wp\/v2\/types\/page"}],"author":[{"embeddable":true,"href":"http:\/\/www.boucherie-jacquot.fr\/index.php\/wp-json\/wp\/v2\/users\/1"}],"replies":[{"embeddable":true,"href":"http:\/\/www.boucherie-jacquot.fr\/index.php\/wp-json\/wp\/v2\/comments?post=223"}],"version-history":[{"count":11,"href":"http:\/\/www.boucherie-jacquot.fr\/index.php\/wp-json\/wp\/v2\/pages\/223\/revisions"}],"predecessor-version":[{"id":774,"href":"http:\/\/www.boucherie-jacquot.fr\/index.php\/wp-json\/wp\/v2\/pages\/223\/revisions\/774"}],"wp:attachment":[{"href":"http:\/\/www.boucherie-jacquot.fr\/index.php\/wp-json\/wp\/v2\/media?parent=223"}],"curies":[{"name":"wp","href":"https:\/\/api.w.org\/{rel}","templated":true}]}}