{"id":1185,"date":"2021-01-20T17:05:46","date_gmt":"2021-01-20T16:05:46","guid":{"rendered":"http:\/\/www.boucherie-jacquot.fr\/?page_id=1185"},"modified":"2021-01-20T17:25:03","modified_gmt":"2021-01-20T16:25:03","slug":"la-conservation","status":"publish","type":"page","link":"http:\/\/www.boucherie-jacquot.fr\/index.php\/la-conservation\/","title":{"rendered":"La Conservation"},"content":{"rendered":"\n<h3 class=\"has-text-align-center wp-block-heading\">LES SEMI-CONSERVES<\/h3>\n\n\n\n<p class=\"has-text-align-center\">Cette m\u00e9thode de conservation permet la vente de sp\u00e9cialit\u00e9s dans un emballage esth\u00e9tique (bocal en verre) avec des dur\u00e9es de conservation importantes de 3 semaines \u00e0 6 mois.<\/p>\n\n\n\n<figure class=\"wp-block-image size-large\"><img loading=\"lazy\" decoding=\"async\" width=\"790\" height=\"231\" src=\"http:\/\/www.boucherie-jacquot.fr\/wp-content\/uploads\/2021\/01\/la_conservation_1.jpg\" alt=\"\" class=\"wp-image-1186\" srcset=\"http:\/\/www.boucherie-jacquot.fr\/wp-content\/uploads\/2021\/01\/la_conservation_1.jpg 790w, http:\/\/www.boucherie-jacquot.fr\/wp-content\/uploads\/2021\/01\/la_conservation_1-300x88.jpg 300w, http:\/\/www.boucherie-jacquot.fr\/wp-content\/uploads\/2021\/01\/la_conservation_1-768x225.jpg 768w\" sizes=\"auto, (max-width: 790px) 100vw, 790px\" \/><\/figure>\n\n\n\n<p><\/p>\n\n\n\n<h3 class=\"has-text-align-center wp-block-heading\">LE SOUS-VIDE<\/h3>\n\n\n\n<p class=\"has-text-align-center\">Pour s\u2019adapter \u00e0 l\u2019\u00e9volution de la consommation (achat alimentaire 1 fois la semaine), les artisans charcutiers-traiteurs vendent de plus en plus leurs produits de charcuterie tranch\u00e9s et conditionn\u00e9s sous vide. Ce moyen de conditionnement \u00e9vite l\u2019oxydation des tranches pour un meilleur aspect du produit et vous permet de conserver les produits pendant une semaine dans votre r\u00e9frig\u00e9rateur.<\/p>\n\n\n\n<div class=\"wp-block-image\"><figure class=\"aligncenter size-large\"><img loading=\"lazy\" decoding=\"async\" width=\"250\" height=\"188\" src=\"http:\/\/www.boucherie-jacquot.fr\/wp-content\/uploads\/2021\/01\/la_conservation_2.jpg\" alt=\"\" class=\"wp-image-1187\"\/><\/figure><\/div>\n","protected":false},"excerpt":{"rendered":"<p>LES SEMI-CONSERVES Cette m\u00e9thode de conservation permet la vente de sp\u00e9cialit\u00e9s dans un emballage esth\u00e9tique (bocal en verre) avec des dur\u00e9es de conservation importantes de 3 semaines \u00e0 6 mois. LE SOUS-VIDE Pour s\u2019adapter \u00e0 l\u2019\u00e9volution de la consommation (achat alimentaire 1 fois la semaine), les artisans charcutiers-traiteurs vendent de plus en plus leurs produits [&hellip;]<\/p>\n","protected":false},"author":1,"featured_media":0,"parent":0,"menu_order":0,"comment_status":"closed","ping_status":"closed","template":"","meta":{"footnotes":""},"class_list":["post-1185","page","type-page","status-publish","hentry"],"_links":{"self":[{"href":"http:\/\/www.boucherie-jacquot.fr\/index.php\/wp-json\/wp\/v2\/pages\/1185","targetHints":{"allow":["GET"]}}],"collection":[{"href":"http:\/\/www.boucherie-jacquot.fr\/index.php\/wp-json\/wp\/v2\/pages"}],"about":[{"href":"http:\/\/www.boucherie-jacquot.fr\/index.php\/wp-json\/wp\/v2\/types\/page"}],"author":[{"embeddable":true,"href":"http:\/\/www.boucherie-jacquot.fr\/index.php\/wp-json\/wp\/v2\/users\/1"}],"replies":[{"embeddable":true,"href":"http:\/\/www.boucherie-jacquot.fr\/index.php\/wp-json\/wp\/v2\/comments?post=1185"}],"version-history":[{"count":2,"href":"http:\/\/www.boucherie-jacquot.fr\/index.php\/wp-json\/wp\/v2\/pages\/1185\/revisions"}],"predecessor-version":[{"id":1207,"href":"http:\/\/www.boucherie-jacquot.fr\/index.php\/wp-json\/wp\/v2\/pages\/1185\/revisions\/1207"}],"wp:attachment":[{"href":"http:\/\/www.boucherie-jacquot.fr\/index.php\/wp-json\/wp\/v2\/media?parent=1185"}],"curies":[{"name":"wp","href":"https:\/\/api.w.org\/{rel}","templated":true}]}}