{"id":1175,"date":"2021-01-20T16:58:13","date_gmt":"2021-01-20T15:58:13","guid":{"rendered":"http:\/\/www.boucherie-jacquot.fr\/?page_id=1175"},"modified":"2021-01-20T17:26:11","modified_gmt":"2021-01-20T16:26:11","slug":"le-porc-francais","status":"publish","type":"page","link":"http:\/\/www.boucherie-jacquot.fr\/index.php\/le-porc-francais\/","title":{"rendered":"Le Porc Fran\u00e7ais"},"content":{"rendered":"\n<p>VPF &#8211; VIANDE DE PORC FRAN\u00c7AISE &#8211; DEVIENT LE PORC FRAN\u00c7AIS.<\/p>\n\n\n\n<p>Le logo VPF &#8211; Viande de Porc Fran\u00e7aise &#8211; &nbsp;devient Le Porc Fran\u00e7ais, et s&rsquo;inscrit dans le pacte de confiance des acteurs des fili\u00e8res animales fran\u00e7aises r\u00e9unies au sein de Viandes de France! La viande de porc et les charcuteries qui portent ce logo vous garantissent toujours une viande de porc issue d\u2019animaux n\u00e9s, \u00e9lev\u00e9s, abattus et transform\u00e9s en France. Ce logo est l\u2019assurance d\u2019une tra\u00e7abilit\u00e9 totale, et la garantie de d\u00e9guster des produits de choix, repr\u00e9sentatifs du savoir-vivre \u00ab \u00e0 la fran\u00e7aise \u00bb. Ouvrez l\u2019\u0153il et retrouvez le logo Le Porc Fran\u00e7ais &nbsp;sur la viande de porc et les produits de charcuterie dans votre enseigne de distribution, chez votre boucher et votre charcutier-traiteur.<\/p>\n\n\n\n<div class=\"wp-block-image\"><figure class=\"aligncenter size-large\"><img loading=\"lazy\" decoding=\"async\" width=\"250\" height=\"250\" src=\"http:\/\/www.boucherie-jacquot.fr\/wp-content\/uploads\/2021\/01\/logo-porc-francais.png\" alt=\"\" class=\"wp-image-1176\" srcset=\"http:\/\/www.boucherie-jacquot.fr\/wp-content\/uploads\/2021\/01\/logo-porc-francais.png 250w, http:\/\/www.boucherie-jacquot.fr\/wp-content\/uploads\/2021\/01\/logo-porc-francais-150x150.png 150w, http:\/\/www.boucherie-jacquot.fr\/wp-content\/uploads\/2021\/01\/logo-porc-francais-88x88.png 88w\" sizes=\"auto, (max-width: 250px) 100vw, 250px\" \/><\/figure><\/div>\n","protected":false},"excerpt":{"rendered":"<p>VPF &#8211; VIANDE DE PORC FRAN\u00c7AISE &#8211; DEVIENT LE PORC FRAN\u00c7AIS. Le logo VPF &#8211; Viande de Porc Fran\u00e7aise &#8211; &nbsp;devient Le Porc Fran\u00e7ais, et s&rsquo;inscrit dans le pacte de confiance des acteurs des fili\u00e8res animales fran\u00e7aises r\u00e9unies au sein de Viandes de France! La viande de porc et les charcuteries qui portent ce logo [&hellip;]<\/p>\n","protected":false},"author":1,"featured_media":0,"parent":0,"menu_order":0,"comment_status":"closed","ping_status":"closed","template":"","meta":{"footnotes":""},"class_list":["post-1175","page","type-page","status-publish","hentry"],"_links":{"self":[{"href":"http:\/\/www.boucherie-jacquot.fr\/index.php\/wp-json\/wp\/v2\/pages\/1175","targetHints":{"allow":["GET"]}}],"collection":[{"href":"http:\/\/www.boucherie-jacquot.fr\/index.php\/wp-json\/wp\/v2\/pages"}],"about":[{"href":"http:\/\/www.boucherie-jacquot.fr\/index.php\/wp-json\/wp\/v2\/types\/page"}],"author":[{"embeddable":true,"href":"http:\/\/www.boucherie-jacquot.fr\/index.php\/wp-json\/wp\/v2\/users\/1"}],"replies":[{"embeddable":true,"href":"http:\/\/www.boucherie-jacquot.fr\/index.php\/wp-json\/wp\/v2\/comments?post=1175"}],"version-history":[{"count":2,"href":"http:\/\/www.boucherie-jacquot.fr\/index.php\/wp-json\/wp\/v2\/pages\/1175\/revisions"}],"predecessor-version":[{"id":1209,"href":"http:\/\/www.boucherie-jacquot.fr\/index.php\/wp-json\/wp\/v2\/pages\/1175\/revisions\/1209"}],"wp:attachment":[{"href":"http:\/\/www.boucherie-jacquot.fr\/index.php\/wp-json\/wp\/v2\/media?parent=1175"}],"curies":[{"name":"wp","href":"https:\/\/api.w.org\/{rel}","templated":true}]}}